{"id":6583,"date":"2024-10-31T16:07:46","date_gmt":"2024-10-31T15:07:46","guid":{"rendered":"https:\/\/www.yachtingmedia.fr\/politique-de-confidentialite\/"},"modified":"2025-02-26T19:12:39","modified_gmt":"2025-02-26T18:12:39","slug":"politica-sulla-riservatezza","status":"publish","type":"page","link":"https:\/\/www.yachtingmedia.fr\/it\/politica-sulla-riservatezza\/","title":{"rendered":"Politica sulla riservatezza"},"content":{"rendered":"<div class=\"wpb-content-wrapper\"><p>[vc_row el_class=&#8221;txt_legal&#8221;][vc_column][vc_column_text css=&#8221;&#8221;]<\/p>\n<ol>\n<li><strong>INTRODUZIONE<\/strong><\/li>\n<\/ol>\n<p>La societ\u00e0 \u00e8 l&#8217;unica proprietaria delle informazioni raccolte sul sito. YACHTING MEDIA raccoglie informazioni dai propri utenti in diversi punti del suo sito. A parte le finalit\u00e0 specifiche concordate con l&#8217;utente, le informazioni raccolte attraverso questi siti vengono utilizzate esclusivamente per scopi di marketing e analisi. <strong>\u00a0<\/strong><\/p>\n<ol>\n<li><strong>USO DEL SITO<\/strong><\/li>\n<\/ol>\n<p>L&#8217;utente dichiara di possedere le competenze e i mezzi tecnici necessari per accedere e utilizzare il sito e riconosce di aver verificato che la configurazione del suo computer non contiene virus e che \u00e8 in perfetto stato di funzionamento. L&#8217;utente si impegna a utilizzare il sito in modo lecito e a non effettuare alcuna manipolazione che possa provocare guasti informatici o funzionali o di qualsiasi altra natura che possano compromettere il funzionamento del sito o del servizio accessibile tramite il sito. A tale riguardo, l\u2019utente si impegna a:<\/p>\n<ul>\n<li>Rispettare i diritti di propriet\u00e0 intellettuale dei proprietari del sito o di qualsiasi sito di terze parti<\/li>\n<li>Rispettare le leggi e i regolamenti nazionali e internazionali applicabili<\/li>\n<li>Non danneggiare in alcun modo l&#8217;immagine di YACHTING MEDIA<\/li>\n<li>Non partecipare ad alcuna attivit\u00e0 illegale sul sito<\/li>\n<\/ul>\n<ol>\n<li><strong>PROPRIET\u00c0 INTELLETTUALE<\/strong><\/li>\n<\/ol>\n<p>Tutti i contenuti pubblicati e resi disponibili sul sito, compresi testi, immagini, loghi, file scaricabili, documenti, sono di propriet\u00e0 di YACHTING MEDIA e dei suoi creatori. L&#8217;utente si impegna a non riprodurre o rappresentare, in tutto o in parte, in alcun modo e per nessun motivo, il contenuto e\/o il sito. Ogni utilizzo non autorizzato del sito e\/o dei suoi contenuti potr\u00e0 comportare la responsabilit\u00e0 civile e\/o penale dell\u2019Utente. YACHTING MEDIA si riserva il diritto di intraprendere azioni legali. <strong>\u00a0<\/strong><\/p>\n<ol>\n<li><strong>LIMITAZIONE DI RESPONSABILIT\u00c0<\/strong><\/li>\n<\/ol>\n<p>YACHTING MEDIA non pu\u00f2 essere ritenuta responsabile per eventuali problemi derivanti dall&#8217;uso improprio di questo sito o dall&#8217;impossibilit\u00e0 di accedervi. YACHTING MEDIA fa ogni sforzo per pubblicare i contenuti pi\u00f9 aggiornati e accurati possibili. Tuttavia, le informazioni pubblicate sul sito hanno natura puramente generale e informativa e vengono fornite solo a scopo informativo e non hanno carattere contrattuale. YACHTING MEDIA non garantisce l&#8217;affidabilit\u00e0 e la completezza di queste informazioni. Nonostante la vigilanza di YACHTING MEDIA, \u00e8 possibile che si verifichino errori di prezzo per qualsiasi motivo. YACHTING MEDIA non pu\u00f2 essere ritenuta responsabile per tali errori. I prezzi indicati sul sito sono forniti a titolo indicativo e stimato per la stagione dell&#8217;anno solare in corso e non possono in nessun caso essere considerati come offerta contrattuale di prodotto o servizio. Per ottenere informazioni precise e aggiornate, in particolare sui prezzi, sulla disponibilit\u00e0 e sulle caratteristiche dei prodotti e dei servizi, l&#8217;utente \u00e8 invitato a contattare YACHTING MEDIA tramite il modulo di contatto dedicato o all&#8217;indirizzo <a href=\"mailto:infos@yachtingmedia.fr\">infos@yachtingmedia.fr<\/a>. <strong>\u00a0<\/strong><\/p>\n<ol>\n<li><strong>DATI PERSONALI<\/strong><\/li>\n<\/ol>\n<p>I dati personali che potranno essere raccolti sul sito sono i seguenti:<\/p>\n<ul>\n<li>Informazioni che inserisci in qualsiasi modulo sul sito web YACHTING MEDIA.<\/li>\n<\/ul>\n<ul>\n<li>Dettagli sul tuo utilizzo del nostro sito web<\/li>\n<\/ul>\n<p>Gli utilizzi principali dei dati personali sono i seguenti:<\/p>\n<ul>\n<li>Sviluppo e miglioramento dei servizi<\/li>\n<li>Amministrazione del rapporto commerciale con il cliente<\/li>\n<li>Fornitura di informazioni e offerte ai clienti attuali o potenziali sui servizi di YACHTING MEDIA<\/li>\n<li>Attivit\u00e0 di marketing di YACHTING MEDIA<\/li>\n<\/ul>\n<p>Quando nei moduli di contatto del sito alcune informazioni sono obbligatorie, tale obbligatoriet\u00e0 viene segnalata al momento dell&#8217;inserimento dei dati. Se l&#8217;utente rifiuta di fornire le informazioni obbligatorie, YACHTING MEDIA non potr\u00e0 rispondere alla sua richiesta. I dati personali vengono conservati per un periodo di 3 anni per finalit\u00e0 di prospezione commerciale e archiviati per un periodo di 10 anni. Questi dati sono conservati in condizioni di sicurezza nel rispetto delle disposizioni della legge n. 78-17 del 6 gennaio 1978. In conformit\u00e0 con la legge n. 78-17 del 6 gennaio 1978, tutti i clienti hanno i seguenti diritti:<\/p>\n<ul>\n<li>Diritto di accesso, rettifica e cancellazione dei dati<\/li>\n<li>Diritto alla portabilit\u00e0 dei dati<\/li>\n<li>Diritto di limitazione e opposizione al trattamento dei dati<\/li>\n<li>Diritto di non essere sottoposto a una decisione basata esclusivamente su un processo automatizzato<\/li>\n<li>Diritto di determinare il destino dei dati dopo la morte<\/li>\n<li>Diritto di ricorso all&#8217;autorit\u00e0 di controllo competente<\/li>\n<li>Opt-out dall&#8217;uso dei tuoi dati da parte dei nostri servizi per inviarti promozioni e sollecitazioni tramite e-mail, SMS, telefonate e posta ordinaria<\/li>\n<\/ul>\n<p>[\/vc_column_text][\/vc_column][\/vc_row]<\/p>\n<\/div>","protected":false},"excerpt":{"rendered":"<p>[vc_row el_class=&#8221;txt_legal&#8221;][vc_column][vc_column_text css=&#8221;&#8221;] INTRODUZIONE La societ\u00e0 \u00e8 l&#8217;unica proprietaria delle informazioni raccolte sul sito. YACHTING MEDIA raccoglie informazioni dai propri utenti in diversi punti del suo sito. A parte le finalit\u00e0 specifiche concordate con l&#8217;utente, le informazioni raccolte attraverso questi siti vengono utilizzate esclusivamente per scopi di marketing e analisi. \u00a0 USO DEL SITO L&#8217;utente [&hellip;]<\/p>\n","protected":false},"author":1,"featured_media":0,"parent":0,"menu_order":0,"comment_status":"closed","ping_status":"closed","template":"page.php","meta":{"footnotes":""},"class_list":["post-6583","page","type-page","status-publish","hentry"],"yoast_head":"<!-- This site is optimized with the Yoast SEO plugin v27.5 - https:\/\/yoast.com\/product\/yoast-seo-wordpress\/ -->\n<title>Politica sulla riservatezza - Yachting MEDIA<\/title>\n<meta name=\"robots\" content=\"index, follow, max-snippet:-1, max-image-preview:large, max-video-preview:-1\" \/>\n<link rel=\"canonical\" href=\"https:\/\/www.yachtingmedia.fr\/it\/politica-sulla-riservatezza\/\" \/>\n<meta property=\"og:locale\" content=\"it_IT\" \/>\n<meta property=\"og:type\" content=\"article\" \/>\n<meta property=\"og:title\" content=\"Politica sulla riservatezza - Yachting MEDIA\" \/>\n<meta property=\"og:description\" content=\"[vc_row el_class=&#8221;txt_legal&#8221;][vc_column][vc_column_text css=&#8221;&#8221;] INTRODUZIONE La societ\u00e0 \u00e8 l&#8217;unica proprietaria delle informazioni raccolte sul sito. YACHTING MEDIA raccoglie informazioni dai propri utenti in diversi punti del suo sito. A parte le finalit\u00e0 specifiche concordate con l&#8217;utente, le informazioni raccolte attraverso questi siti vengono utilizzate esclusivamente per scopi di marketing e analisi. \u00a0 USO DEL SITO L&#8217;utente [&hellip;]\" \/>\n<meta property=\"og:url\" content=\"https:\/\/www.yachtingmedia.fr\/it\/politica-sulla-riservatezza\/\" \/>\n<meta property=\"og:site_name\" content=\"Yachting MEDIA\" \/>\n<meta property=\"article:modified_time\" content=\"2025-02-26T18:12:39+00:00\" \/>\n<meta name=\"twitter:card\" content=\"summary_large_image\" \/>\n<meta name=\"twitter:label1\" content=\"Tempo di lettura stimato\" \/>\n\t<meta name=\"twitter:data1\" content=\"4 minuti\" \/>\n<script type=\"application\/ld+json\" class=\"yoast-schema-graph\">{\"@context\":\"https:\\\/\\\/schema.org\",\"@graph\":[{\"@type\":\"WebPage\",\"@id\":\"https:\\\/\\\/www.yachtingmedia.fr\\\/it\\\/politica-sulla-riservatezza\\\/\",\"url\":\"https:\\\/\\\/www.yachtingmedia.fr\\\/it\\\/politica-sulla-riservatezza\\\/\",\"name\":\"Politica sulla riservatezza - Yachting MEDIA\",\"isPartOf\":{\"@id\":\"https:\\\/\\\/www.yachtingmedia.fr\\\/it\\\/#website\"},\"datePublished\":\"2024-10-31T15:07:46+00:00\",\"dateModified\":\"2025-02-26T18:12:39+00:00\",\"breadcrumb\":{\"@id\":\"https:\\\/\\\/www.yachtingmedia.fr\\\/it\\\/politica-sulla-riservatezza\\\/#breadcrumb\"},\"inLanguage\":\"it-IT\",\"potentialAction\":[{\"@type\":\"ReadAction\",\"target\":[\"https:\\\/\\\/www.yachtingmedia.fr\\\/it\\\/politica-sulla-riservatezza\\\/\"]}]},{\"@type\":\"BreadcrumbList\",\"@id\":\"https:\\\/\\\/www.yachtingmedia.fr\\\/it\\\/politica-sulla-riservatezza\\\/#breadcrumb\",\"itemListElement\":[{\"@type\":\"ListItem\",\"position\":1,\"name\":\"Accueil\",\"item\":\"https:\\\/\\\/www.yachtingmedia.fr\\\/it\\\/\"},{\"@type\":\"ListItem\",\"position\":2,\"name\":\"Politica sulla riservatezza\"}]},{\"@type\":\"WebSite\",\"@id\":\"https:\\\/\\\/www.yachtingmedia.fr\\\/it\\\/#website\",\"url\":\"https:\\\/\\\/www.yachtingmedia.fr\\\/it\\\/\",\"name\":\"Yachting MEDIA\",\"description\":\"\",\"publisher\":{\"@id\":\"https:\\\/\\\/www.yachtingmedia.fr\\\/it\\\/#organization\"},\"potentialAction\":[{\"@type\":\"SearchAction\",\"target\":{\"@type\":\"EntryPoint\",\"urlTemplate\":\"https:\\\/\\\/www.yachtingmedia.fr\\\/it\\\/?s={search_term_string}\"},\"query-input\":{\"@type\":\"PropertyValueSpecification\",\"valueRequired\":true,\"valueName\":\"search_term_string\"}}],\"inLanguage\":\"it-IT\"},{\"@type\":\"Organization\",\"@id\":\"https:\\\/\\\/www.yachtingmedia.fr\\\/it\\\/#organization\",\"name\":\"Yachting MEDIA\",\"url\":\"https:\\\/\\\/www.yachtingmedia.fr\\\/it\\\/\",\"logo\":{\"@type\":\"ImageObject\",\"inLanguage\":\"it-IT\",\"@id\":\"https:\\\/\\\/www.yachtingmedia.fr\\\/it\\\/#\\\/schema\\\/logo\\\/image\\\/\",\"url\":\"https:\\\/\\\/www.yachtingmedia.fr\\\/wp-content\\\/uploads\\\/2025\\\/01\\\/yachting_media-logo.svg\",\"contentUrl\":\"https:\\\/\\\/www.yachtingmedia.fr\\\/wp-content\\\/uploads\\\/2025\\\/01\\\/yachting_media-logo.svg\",\"width\":868,\"height\":337,\"caption\":\"Yachting MEDIA\"},\"image\":{\"@id\":\"https:\\\/\\\/www.yachtingmedia.fr\\\/it\\\/#\\\/schema\\\/logo\\\/image\\\/\"}}]}<\/script>\n<!-- \/ Yoast SEO plugin. -->","yoast_head_json":{"title":"Politica sulla riservatezza - Yachting MEDIA","robots":{"index":"index","follow":"follow","max-snippet":"max-snippet:-1","max-image-preview":"max-image-preview:large","max-video-preview":"max-video-preview:-1"},"canonical":"https:\/\/www.yachtingmedia.fr\/it\/politica-sulla-riservatezza\/","og_locale":"it_IT","og_type":"article","og_title":"Politica sulla riservatezza - Yachting MEDIA","og_description":"[vc_row el_class=&#8221;txt_legal&#8221;][vc_column][vc_column_text css=&#8221;&#8221;] INTRODUZIONE La societ\u00e0 \u00e8 l&#8217;unica proprietaria delle informazioni raccolte sul sito. YACHTING MEDIA raccoglie informazioni dai propri utenti in diversi punti del suo sito. A parte le finalit\u00e0 specifiche concordate con l&#8217;utente, le informazioni raccolte attraverso questi siti vengono utilizzate esclusivamente per scopi di marketing e analisi. \u00a0 USO DEL SITO L&#8217;utente [&hellip;]","og_url":"https:\/\/www.yachtingmedia.fr\/it\/politica-sulla-riservatezza\/","og_site_name":"Yachting MEDIA","article_modified_time":"2025-02-26T18:12:39+00:00","twitter_card":"summary_large_image","twitter_misc":{"Tempo di lettura stimato":"4 minuti"},"schema":{"@context":"https:\/\/schema.org","@graph":[{"@type":"WebPage","@id":"https:\/\/www.yachtingmedia.fr\/it\/politica-sulla-riservatezza\/","url":"https:\/\/www.yachtingmedia.fr\/it\/politica-sulla-riservatezza\/","name":"Politica sulla riservatezza - Yachting MEDIA","isPartOf":{"@id":"https:\/\/www.yachtingmedia.fr\/it\/#website"},"datePublished":"2024-10-31T15:07:46+00:00","dateModified":"2025-02-26T18:12:39+00:00","breadcrumb":{"@id":"https:\/\/www.yachtingmedia.fr\/it\/politica-sulla-riservatezza\/#breadcrumb"},"inLanguage":"it-IT","potentialAction":[{"@type":"ReadAction","target":["https:\/\/www.yachtingmedia.fr\/it\/politica-sulla-riservatezza\/"]}]},{"@type":"BreadcrumbList","@id":"https:\/\/www.yachtingmedia.fr\/it\/politica-sulla-riservatezza\/#breadcrumb","itemListElement":[{"@type":"ListItem","position":1,"name":"Accueil","item":"https:\/\/www.yachtingmedia.fr\/it\/"},{"@type":"ListItem","position":2,"name":"Politica sulla riservatezza"}]},{"@type":"WebSite","@id":"https:\/\/www.yachtingmedia.fr\/it\/#website","url":"https:\/\/www.yachtingmedia.fr\/it\/","name":"Yachting MEDIA","description":"","publisher":{"@id":"https:\/\/www.yachtingmedia.fr\/it\/#organization"},"potentialAction":[{"@type":"SearchAction","target":{"@type":"EntryPoint","urlTemplate":"https:\/\/www.yachtingmedia.fr\/it\/?s={search_term_string}"},"query-input":{"@type":"PropertyValueSpecification","valueRequired":true,"valueName":"search_term_string"}}],"inLanguage":"it-IT"},{"@type":"Organization","@id":"https:\/\/www.yachtingmedia.fr\/it\/#organization","name":"Yachting MEDIA","url":"https:\/\/www.yachtingmedia.fr\/it\/","logo":{"@type":"ImageObject","inLanguage":"it-IT","@id":"https:\/\/www.yachtingmedia.fr\/it\/#\/schema\/logo\/image\/","url":"https:\/\/www.yachtingmedia.fr\/wp-content\/uploads\/2025\/01\/yachting_media-logo.svg","contentUrl":"https:\/\/www.yachtingmedia.fr\/wp-content\/uploads\/2025\/01\/yachting_media-logo.svg","width":868,"height":337,"caption":"Yachting MEDIA"},"image":{"@id":"https:\/\/www.yachtingmedia.fr\/it\/#\/schema\/logo\/image\/"}}]}},"_links":{"self":[{"href":"https:\/\/www.yachtingmedia.fr\/it\/wp-json\/wp\/v2\/pages\/6583","targetHints":{"allow":["GET"]}}],"collection":[{"href":"https:\/\/www.yachtingmedia.fr\/it\/wp-json\/wp\/v2\/pages"}],"about":[{"href":"https:\/\/www.yachtingmedia.fr\/it\/wp-json\/wp\/v2\/types\/page"}],"author":[{"embeddable":true,"href":"https:\/\/www.yachtingmedia.fr\/it\/wp-json\/wp\/v2\/users\/1"}],"replies":[{"embeddable":true,"href":"https:\/\/www.yachtingmedia.fr\/it\/wp-json\/wp\/v2\/comments?post=6583"}],"version-history":[{"count":3,"href":"https:\/\/www.yachtingmedia.fr\/it\/wp-json\/wp\/v2\/pages\/6583\/revisions"}],"predecessor-version":[{"id":6646,"href":"https:\/\/www.yachtingmedia.fr\/it\/wp-json\/wp\/v2\/pages\/6583\/revisions\/6646"}],"wp:attachment":[{"href":"https:\/\/www.yachtingmedia.fr\/it\/wp-json\/wp\/v2\/media?parent=6583"}],"curies":[{"name":"wp","href":"https:\/\/api.w.org\/{rel}","templated":true}]}}